{"id":10777,"date":"2017-06-06T16:35:33","date_gmt":"2017-06-06T14:35:33","guid":{"rendered":"https:\/\/ts.at\/de\/?page_id=10777"},"modified":"2023-11-22T09:17:24","modified_gmt":"2023-11-22T08:17:24","slug":"e-commerce","status":"publish","type":"page","link":"https:\/\/ts.dev.mstefan.com\/de\/e-commerce\/","title":{"rendered":"E-Commerce"},"content":{"rendered":"<p><\/p>\n<p>Der elektronische Handel bietet neben gro\u00dfen Konzernen auch kleinen und mittleren Unternehmen die Chance, ihre Waren und Dienstleistungen im Internet anzubieten. Gerade durch \u201eSocial Media\u201c und andere Werbeformen wie \u201eGoogle AdWords\u201c ist es auch f\u00fcr kleinere Unternehmen m\u00f6glich, neue Kundengruppen gezielt anzusprechen, zus\u00e4tzliche Absatzm\u00e4rkte zu erschlie\u00dfen und innovative Gesch\u00e4ftsideen mit \u00fcberschaubarem finanziellem Aufwand einem Praxistest zu unterziehen.<\/p>\n<p>Beim Abschluss von Vertr\u00e4gen \u00fcber das Internet haben sich die zu beachtenden rechtlichen Vorgaben angesichts der Vorgaben der Europ\u00e4ischen Union in den letzten Jahren stark verdichtet. Insbesondere im Rechtsverkehr mit Verbrauchern haben Unternehmen mannigfaltige Informationspflichten (zB \u00fcber Widerrufsrechte) zu erf\u00fcllen, um den gesetzlichen Bestimmungen Gen\u00fcge zu tun und empfindliche Konsequenzen gegen\u00fcber ihren Vertragspartnern und auch ihren Mitbewerbern zu vermeiden. Kompetente rechtliche Beratung ist hier unerl\u00e4sslich.<\/p>\n<p>&nbsp;<\/p>\n<h2>Unsere Leistungen:<\/h2>\n<p>Wir beraten Sie umfassend in s\u00e4mtlichen Angelegenheiten, die im Zusammenhang mit dem elektronischen Handel stehen. Wir bieten Ihnen insbesondere<\/p>\n<ul>\n<li>\u00dcberpr\u00fcfung Ihrer Website, Ihres Webshops (samt der Bestellabwicklung) und Ihres Newsletters auf Konformit\u00e4t mit den gesetzlichen Rahmenbedingungen (insbesondere ECG, FAGG, MedienG)<\/li>\n<li>Erstellen von Allgemeinen Gesch\u00e4ftsbedingungen (AGB) f\u00fcr Ihren Webshop (insbesondere auch unter Ber\u00fccksichtigung der datenschutzrechtlichen Verpflichtungen der DSGVO)<\/li>\n<li>Kontrolle Ihrer Werbema\u00dfnahmen im Internet auf deren lauterkeits-, marken- und urheberrechtliche Zul\u00e4ssigkeit<\/li>\n<li>Strategische Beratung zur bestm\u00f6glichen Absicherung Ihrer Gesch\u00e4ftsidee<\/li>\n<\/ul>\n<p>&nbsp;<\/p>\n<h2>Ihre Ansprechpartner:<\/h2>\n<p><a href=\"https:\/\/ts.dev.mstefan.com\/de\/person\/tonninger\/\">RA Dr. Bernhard Tonninger<\/a><\/p>\n<p><a href=\"http:\/\/www.ts.at\/de\/person\/albrecht\">RA Mag. Dr. Markus Albrecht<\/a>  <a href=\"https:\/\/ts.dev.mstefan.com\/terminbuchung\" class=\"link-termin\">[zur Online-Terminbuchung]<\/a><\/p>\n<p><\/p>","protected":false},"excerpt":{"rendered":"<p>Der elektronische Handel bietet neben gro\u00dfen Konzernen auch kleinen und mittleren Unternehmen die Chance, ihre Waren und Dienstleistungen im Internet anzubieten. Gerade durch \u201eSocial Media\u201c und andere Werbeformen wie \u201eGoogle AdWords\u201c ist es auch f\u00fcr kleinere Unternehmen m\u00f6glich, neue Kundengruppen gezielt anzusprechen, zus\u00e4tzliche Absatzm\u00e4rkte zu erschlie\u00dfen und innovative Gesch\u00e4ftsideen mit \u00fcberschaubarem finanziellem Aufwand einem Praxistest<\/p>\n","protected":false},"author":9,"featured_media":375,"parent":0,"menu_order":0,"comment_status":"closed","ping_status":"closed","template":"","meta":{"_acf_changed":false,"footnotes":""},"acf":[],"yoast_head":"<!-- This site is optimized with the Yoast SEO plugin v22.5 - https:\/\/yoast.com\/wordpress\/plugins\/seo\/ -->\n<title>E-Commerce &#8211; TS&amp;P<\/title>\n<meta name=\"robots\" content=\"index, follow, max-snippet:-1, max-image-preview:large, max-video-preview:-1\" \/>\n<link rel=\"canonical\" href=\"https:\/\/ts.dev.mstefan.com\/de\/e-commerce\/\" \/>\n<meta property=\"og:locale\" content=\"de_DE\" \/>\n<meta property=\"og:type\" content=\"article\" \/>\n<meta property=\"og:title\" content=\"E-Commerce &#8211; TS&amp;P\" \/>\n<meta property=\"og:description\" content=\"Der elektronische Handel bietet neben gro\u00dfen Konzernen auch kleinen und mittleren Unternehmen die Chance, ihre Waren und Dienstleistungen im Internet anzubieten. Gerade durch \u201eSocial Media\u201c und andere Werbeformen wie \u201eGoogle AdWords\u201c ist es auch f\u00fcr kleinere Unternehmen m\u00f6glich, neue Kundengruppen gezielt anzusprechen, zus\u00e4tzliche Absatzm\u00e4rkte zu erschlie\u00dfen und innovative Gesch\u00e4ftsideen mit \u00fcberschaubarem finanziellem Aufwand einem Praxistest\" \/>\n<meta property=\"og:url\" content=\"https:\/\/ts.dev.mstefan.com\/de\/e-commerce\/\" \/>\n<meta property=\"og:site_name\" content=\"TS&amp;P\" \/>\n<meta property=\"article:modified_time\" content=\"2023-11-22T08:17:24+00:00\" \/>\n<meta property=\"og:image\" content=\"https:\/\/ts.dev.mstefan.com\/wp-content\/uploads\/2013\/05\/Network.jpg\" \/>\n\t<meta property=\"og:image:width\" content=\"1828\" \/>\n\t<meta property=\"og:image:height\" content=\"216\" \/>\n\t<meta property=\"og:image:type\" content=\"image\/jpeg\" \/>\n<meta name=\"twitter:card\" content=\"summary_large_image\" \/>\n<meta name=\"twitter:label1\" content=\"Gesch\u00e4tzte Lesezeit\" \/>\n\t<meta name=\"twitter:data1\" content=\"3\u00a0Minuten\" \/>\n<script type=\"application\/ld+json\" class=\"yoast-schema-graph\">{\"@context\":\"https:\/\/schema.org\",\"@graph\":[{\"@type\":\"WebPage\",\"@id\":\"https:\/\/ts.dev.mstefan.com\/de\/e-commerce\/\",\"url\":\"https:\/\/ts.dev.mstefan.com\/de\/e-commerce\/\",\"name\":\"E-Commerce &#8211; TS&amp;P\",\"isPartOf\":{\"@id\":\"https:\/\/ts.dev.mstefan.com\/en\/#website\"},\"primaryImageOfPage\":{\"@id\":\"https:\/\/ts.dev.mstefan.com\/de\/e-commerce\/#primaryimage\"},\"image\":{\"@id\":\"https:\/\/ts.dev.mstefan.com\/de\/e-commerce\/#primaryimage\"},\"thumbnailUrl\":\"https:\/\/ts.dev.mstefan.com\/wp-content\/uploads\/2013\/05\/Network.jpg\",\"datePublished\":\"2017-06-06T14:35:33+00:00\",\"dateModified\":\"2023-11-22T08:17:24+00:00\",\"breadcrumb\":{\"@id\":\"https:\/\/ts.dev.mstefan.com\/de\/e-commerce\/#breadcrumb\"},\"inLanguage\":\"de\",\"potentialAction\":[{\"@type\":\"ReadAction\",\"target\":[\"https:\/\/ts.dev.mstefan.com\/de\/e-commerce\/\"]}]},{\"@type\":\"ImageObject\",\"inLanguage\":\"de\",\"@id\":\"https:\/\/ts.dev.mstefan.com\/de\/e-commerce\/#primaryimage\",\"url\":\"https:\/\/ts.dev.mstefan.com\/wp-content\/uploads\/2013\/05\/Network.jpg\",\"contentUrl\":\"https:\/\/ts.dev.mstefan.com\/wp-content\/uploads\/2013\/05\/Network.jpg\",\"width\":1828,\"height\":216},{\"@type\":\"BreadcrumbList\",\"@id\":\"https:\/\/ts.dev.mstefan.com\/de\/e-commerce\/#breadcrumb\",\"itemListElement\":[{\"@type\":\"ListItem\",\"position\":1,\"name\":\"Home\",\"item\":\"https:\/\/ts.dev.mstefan.com\/en\/\"},{\"@type\":\"ListItem\",\"position\":2,\"name\":\"E-Commerce\"}]},{\"@type\":\"WebSite\",\"@id\":\"https:\/\/ts.dev.mstefan.com\/en\/#website\",\"url\":\"https:\/\/ts.dev.mstefan.com\/en\/\",\"name\":\"Tonninger Schermaier & Partner\",\"description\":\"Rechtsanw\u00e4lte\",\"alternateName\":\"TS & P\",\"potentialAction\":[{\"@type\":\"SearchAction\",\"target\":{\"@type\":\"EntryPoint\",\"urlTemplate\":\"https:\/\/ts.dev.mstefan.com\/en\/?s={search_term_string}\"},\"query-input\":\"required name=search_term_string\"}],\"inLanguage\":\"de\"}]}<\/script>\n<!-- \/ Yoast SEO plugin. -->","yoast_head_json":{"title":"E-Commerce &#8211; TS&amp;P","robots":{"index":"index","follow":"follow","max-snippet":"max-snippet:-1","max-image-preview":"max-image-preview:large","max-video-preview":"max-video-preview:-1"},"canonical":"https:\/\/ts.dev.mstefan.com\/de\/e-commerce\/","og_locale":"de_DE","og_type":"article","og_title":"E-Commerce &#8211; TS&amp;P","og_description":"Der elektronische Handel bietet neben gro\u00dfen Konzernen auch kleinen und mittleren Unternehmen die Chance, ihre Waren und Dienstleistungen im Internet anzubieten. Gerade durch \u201eSocial Media\u201c und andere Werbeformen wie \u201eGoogle AdWords\u201c ist es auch f\u00fcr kleinere Unternehmen m\u00f6glich, neue Kundengruppen gezielt anzusprechen, zus\u00e4tzliche Absatzm\u00e4rkte zu erschlie\u00dfen und innovative Gesch\u00e4ftsideen mit \u00fcberschaubarem finanziellem Aufwand einem Praxistest","og_url":"https:\/\/ts.dev.mstefan.com\/de\/e-commerce\/","og_site_name":"TS&amp;P","article_modified_time":"2023-11-22T08:17:24+00:00","og_image":[{"width":1828,"height":216,"url":"https:\/\/ts.dev.mstefan.com\/wp-content\/uploads\/2013\/05\/Network.jpg","type":"image\/jpeg"}],"twitter_card":"summary_large_image","twitter_misc":{"Gesch\u00e4tzte Lesezeit":"3\u00a0Minuten"},"schema":{"@context":"https:\/\/schema.org","@graph":[{"@type":"WebPage","@id":"https:\/\/ts.dev.mstefan.com\/de\/e-commerce\/","url":"https:\/\/ts.dev.mstefan.com\/de\/e-commerce\/","name":"E-Commerce &#8211; TS&amp;P","isPartOf":{"@id":"https:\/\/ts.dev.mstefan.com\/en\/#website"},"primaryImageOfPage":{"@id":"https:\/\/ts.dev.mstefan.com\/de\/e-commerce\/#primaryimage"},"image":{"@id":"https:\/\/ts.dev.mstefan.com\/de\/e-commerce\/#primaryimage"},"thumbnailUrl":"https:\/\/ts.dev.mstefan.com\/wp-content\/uploads\/2013\/05\/Network.jpg","datePublished":"2017-06-06T14:35:33+00:00","dateModified":"2023-11-22T08:17:24+00:00","breadcrumb":{"@id":"https:\/\/ts.dev.mstefan.com\/de\/e-commerce\/#breadcrumb"},"inLanguage":"de","potentialAction":[{"@type":"ReadAction","target":["https:\/\/ts.dev.mstefan.com\/de\/e-commerce\/"]}]},{"@type":"ImageObject","inLanguage":"de","@id":"https:\/\/ts.dev.mstefan.com\/de\/e-commerce\/#primaryimage","url":"https:\/\/ts.dev.mstefan.com\/wp-content\/uploads\/2013\/05\/Network.jpg","contentUrl":"https:\/\/ts.dev.mstefan.com\/wp-content\/uploads\/2013\/05\/Network.jpg","width":1828,"height":216},{"@type":"BreadcrumbList","@id":"https:\/\/ts.dev.mstefan.com\/de\/e-commerce\/#breadcrumb","itemListElement":[{"@type":"ListItem","position":1,"name":"Home","item":"https:\/\/ts.dev.mstefan.com\/en\/"},{"@type":"ListItem","position":2,"name":"E-Commerce"}]},{"@type":"WebSite","@id":"https:\/\/ts.dev.mstefan.com\/en\/#website","url":"https:\/\/ts.dev.mstefan.com\/en\/","name":"Tonninger Schermaier & Partner","description":"Rechtsanw\u00e4lte","alternateName":"TS & P","potentialAction":[{"@type":"SearchAction","target":{"@type":"EntryPoint","urlTemplate":"https:\/\/ts.dev.mstefan.com\/en\/?s={search_term_string}"},"query-input":"required name=search_term_string"}],"inLanguage":"de"}]}},"_links":{"self":[{"href":"https:\/\/ts.dev.mstefan.com\/de\/wp-json\/wp\/v2\/pages\/10777"}],"collection":[{"href":"https:\/\/ts.dev.mstefan.com\/de\/wp-json\/wp\/v2\/pages"}],"about":[{"href":"https:\/\/ts.dev.mstefan.com\/de\/wp-json\/wp\/v2\/types\/page"}],"author":[{"embeddable":true,"href":"https:\/\/ts.dev.mstefan.com\/de\/wp-json\/wp\/v2\/users\/9"}],"replies":[{"embeddable":true,"href":"https:\/\/ts.dev.mstefan.com\/de\/wp-json\/wp\/v2\/comments?post=10777"}],"version-history":[{"count":8,"href":"https:\/\/ts.dev.mstefan.com\/de\/wp-json\/wp\/v2\/pages\/10777\/revisions"}],"predecessor-version":[{"id":12036,"href":"https:\/\/ts.dev.mstefan.com\/de\/wp-json\/wp\/v2\/pages\/10777\/revisions\/12036"}],"wp:featuredmedia":[{"embeddable":true,"href":"https:\/\/ts.dev.mstefan.com\/de\/wp-json\/wp\/v2\/media\/375"}],"wp:attachment":[{"href":"https:\/\/ts.dev.mstefan.com\/de\/wp-json\/wp\/v2\/media?parent=10777"}],"curies":[{"name":"wp","href":"https:\/\/api.w.org\/{rel}","templated":true}]}}