{"id":11,"date":"2013-05-23T15:58:58","date_gmt":"2013-05-23T13:58:58","guid":{"rendered":"https:\/\/ts.at\/en\/?page_id=11"},"modified":"2024-02-08T09:28:35","modified_gmt":"2024-02-08T08:28:35","slug":"services-rechtsgebiete","status":"publish","type":"page","link":"https:\/\/ts.dev.mstefan.com\/de\/services-rechtsgebiete\/","title":{"rendered":"Services"},"content":{"rendered":"<p><\/p>\n<p>&nbsp;<\/p>\n<p>Tonninger Schermaier &amp; Partner bietet fundierte juristische Beratung in s\u00e4mtlichen Gebieten des Wirtschaftsrechts und Zivilrechts. Dabei ber\u00fccksichtigen wir den wirtschaftlichen Hintergrund und erarbeiten f\u00fcr den Mandanten ma\u00dfgeschneiderte L\u00f6sungen. Im besonderen Fokus unserer T\u00e4tigkeit liegen folgende Rechtsbereiche:<\/p>\n<ul>\n<li>Arbeitsrecht<\/li>\n<li>Bank- und Kapitalmarktrecht<\/li>\n<li><a href=\"https:\/\/ts.dev.mstefan.com\/de\/erbrecht\/\">Erbrecht<\/a> (letztwillige Verf\u00fcgungen, Verlassenschaftsverfahren)<\/li>\n<li><a href=\"https:\/\/ts.dev.mstefan.com\/de\/erwachsenenschutzrecht\/\">Erwachsenenschutzrecht<\/a> (Vorsorgevollmacht, Patientenverf\u00fcgung)<\/li>\n<li><a href=\"https:\/\/ts.dev.mstefan.com\/de\/familienrecht\/\">Familienrecht<\/a> (Scheidung, Obsorge, Unterhalt, Aufteilung des ehelichen Verm\u00f6gens und Kontaktrecht)<\/li>\n<li>Gesellschafts- und Unternehmensrecht<\/li>\n<li>Gewerblicher Rechtsschutz &#8211; IP-Recht (<a href=\"https:\/\/ts.dev.mstefan.com\/de\/designrecht\/\">Design<\/a>&#8211; und <a href=\"https:\/\/ts.dev.mstefan.com\/de\/markenrecht\/\">Markenrecht<\/a>), <a href=\"https:\/\/ts.dev.mstefan.com\/de\/urheberrecht\/\">Urheberrecht<\/a><\/li>\n<li>Immobilienrecht<\/li>\n<li>Infrastruktur<\/li>\n<li>IT-Recht\/<a href=\"https:\/\/ts.dev.mstefan.com\/de\/e-commerce\/\">E-Commerce<\/a> und Neue Medien<\/li>\n<li><a href=\"https:\/\/ts.dev.mstefan.com\/de\/lauterkeitsrecht-uwg\/\">Lauterkeitsrecht (UWG)<\/a>, Werberecht<\/li>\n<li>Mergers &amp; Acquisitions<\/li>\n<li>Prozessrecht<\/li>\n<li><a href=\"https:\/\/ts.dev.mstefan.com\/de\/schadenersatzrecht\/\">Schadenersatzrecht<\/a> (Verkehrsunfall, Sportunfall)<\/li>\n<li><a href=\"https:\/\/ts.dev.mstefan.com\/de\/strafrecht\/\">Strafrecht<\/a><\/li>\n<li>Vertragsrecht<\/li>\n<li>Wirtschaftsstrafrecht<\/li>\n<li>Zivilrecht<\/li>\n<\/ul>\n<p>&nbsp;<\/p>\n<p><\/p>","protected":false},"excerpt":{"rendered":"<p>&nbsp; Tonninger Schermaier &amp; Partner bietet fundierte juristische Beratung in s\u00e4mtlichen Gebieten des Wirtschaftsrechts und Zivilrechts. Dabei ber\u00fccksichtigen wir den wirtschaftlichen Hintergrund und erarbeiten f\u00fcr den Mandanten ma\u00dfgeschneiderte L\u00f6sungen. Im besonderen Fokus unserer T\u00e4tigkeit liegen folgende Rechtsbereiche: Arbeitsrecht Bank- und Kapitalmarktrecht Erbrecht (letztwillige Verf\u00fcgungen, Verlassenschaftsverfahren) Erwachsenenschutzrecht (Vorsorgevollmacht, Patientenverf\u00fcgung) Familienrecht (Scheidung, Obsorge, Unterhalt, Aufteilung des ehelichen<\/p>\n","protected":false},"author":7,"featured_media":296,"parent":0,"menu_order":0,"comment_status":"closed","ping_status":"closed","template":"","meta":{"_acf_changed":false,"footnotes":""},"acf":[],"yoast_head":"<!-- This site is optimized with the Yoast SEO plugin v22.5 - https:\/\/yoast.com\/wordpress\/plugins\/seo\/ -->\n<title>Services &#8211; TS&amp;P<\/title>\n<meta name=\"description\" content=\"Tonninger Schermaier &amp; Partner bietet fundierte juristische Beratung in s\u00e4mtlichen Gebieten des Wirtschaftsrechts und Zivilrechts.\" \/>\n<meta name=\"robots\" content=\"index, follow, max-snippet:-1, max-image-preview:large, max-video-preview:-1\" \/>\n<link rel=\"canonical\" href=\"https:\/\/ts.dev.mstefan.com\/de\/services-rechtsgebiete\/\" \/>\n<meta property=\"og:locale\" content=\"de_DE\" \/>\n<meta property=\"og:type\" content=\"article\" \/>\n<meta property=\"og:title\" content=\"Services &#8211; TS&amp;P\" \/>\n<meta property=\"og:description\" content=\"Tonninger Schermaier &amp; Partner bietet fundierte juristische Beratung in s\u00e4mtlichen Gebieten des Wirtschaftsrechts und Zivilrechts.\" \/>\n<meta property=\"og:url\" content=\"https:\/\/ts.dev.mstefan.com\/de\/services-rechtsgebiete\/\" \/>\n<meta property=\"og:site_name\" content=\"TS&amp;P\" \/>\n<meta property=\"article:modified_time\" content=\"2024-02-08T08:28:35+00:00\" \/>\n<meta property=\"og:image\" content=\"https:\/\/ts.dev.mstefan.com\/wp-content\/uploads\/2013\/05\/headerblank.jpg\" \/>\n\t<meta property=\"og:image:width\" content=\"914\" \/>\n\t<meta property=\"og:image:height\" content=\"108\" \/>\n\t<meta property=\"og:image:type\" content=\"image\/jpeg\" \/>\n<meta name=\"twitter:card\" content=\"summary_large_image\" \/>\n<meta name=\"twitter:label1\" content=\"Gesch\u00e4tzte Lesezeit\" \/>\n\t<meta name=\"twitter:data1\" content=\"1\u00a0Minute\" \/>\n<script type=\"application\/ld+json\" class=\"yoast-schema-graph\">{\"@context\":\"https:\/\/schema.org\",\"@graph\":[{\"@type\":\"WebPage\",\"@id\":\"https:\/\/ts.dev.mstefan.com\/de\/services-rechtsgebiete\/\",\"url\":\"https:\/\/ts.dev.mstefan.com\/de\/services-rechtsgebiete\/\",\"name\":\"Services &#8211; TS&amp;P\",\"isPartOf\":{\"@id\":\"https:\/\/ts.dev.mstefan.com\/en\/#website\"},\"primaryImageOfPage\":{\"@id\":\"https:\/\/ts.dev.mstefan.com\/de\/services-rechtsgebiete\/#primaryimage\"},\"image\":{\"@id\":\"https:\/\/ts.dev.mstefan.com\/de\/services-rechtsgebiete\/#primaryimage\"},\"thumbnailUrl\":\"https:\/\/ts.dev.mstefan.com\/wp-content\/uploads\/2013\/05\/headerblank.jpg\",\"datePublished\":\"2013-05-23T13:58:58+00:00\",\"dateModified\":\"2024-02-08T08:28:35+00:00\",\"description\":\"Tonninger Schermaier & Partner bietet fundierte juristische Beratung in s\u00e4mtlichen Gebieten des Wirtschaftsrechts und Zivilrechts.\",\"breadcrumb\":{\"@id\":\"https:\/\/ts.dev.mstefan.com\/de\/services-rechtsgebiete\/#breadcrumb\"},\"inLanguage\":\"de\",\"potentialAction\":[{\"@type\":\"ReadAction\",\"target\":[\"https:\/\/ts.dev.mstefan.com\/de\/services-rechtsgebiete\/\"]}]},{\"@type\":\"ImageObject\",\"inLanguage\":\"de\",\"@id\":\"https:\/\/ts.dev.mstefan.com\/de\/services-rechtsgebiete\/#primaryimage\",\"url\":\"https:\/\/ts.dev.mstefan.com\/wp-content\/uploads\/2013\/05\/headerblank.jpg\",\"contentUrl\":\"https:\/\/ts.dev.mstefan.com\/wp-content\/uploads\/2013\/05\/headerblank.jpg\",\"width\":914,\"height\":108},{\"@type\":\"BreadcrumbList\",\"@id\":\"https:\/\/ts.dev.mstefan.com\/de\/services-rechtsgebiete\/#breadcrumb\",\"itemListElement\":[{\"@type\":\"ListItem\",\"position\":1,\"name\":\"Home\",\"item\":\"https:\/\/ts.dev.mstefan.com\/en\/\"},{\"@type\":\"ListItem\",\"position\":2,\"name\":\"Services\"}]},{\"@type\":\"WebSite\",\"@id\":\"https:\/\/ts.dev.mstefan.com\/en\/#website\",\"url\":\"https:\/\/ts.dev.mstefan.com\/en\/\",\"name\":\"Tonninger Schermaier & Partner\",\"description\":\"Rechtsanw\u00e4lte\",\"alternateName\":\"TS & P\",\"potentialAction\":[{\"@type\":\"SearchAction\",\"target\":{\"@type\":\"EntryPoint\",\"urlTemplate\":\"https:\/\/ts.dev.mstefan.com\/en\/?s={search_term_string}\"},\"query-input\":\"required name=search_term_string\"}],\"inLanguage\":\"de\"}]}<\/script>\n<!-- \/ Yoast SEO plugin. -->","yoast_head_json":{"title":"Services &#8211; TS&amp;P","description":"Tonninger Schermaier & Partner bietet fundierte juristische Beratung in s\u00e4mtlichen Gebieten des Wirtschaftsrechts und Zivilrechts.","robots":{"index":"index","follow":"follow","max-snippet":"max-snippet:-1","max-image-preview":"max-image-preview:large","max-video-preview":"max-video-preview:-1"},"canonical":"https:\/\/ts.dev.mstefan.com\/de\/services-rechtsgebiete\/","og_locale":"de_DE","og_type":"article","og_title":"Services &#8211; TS&amp;P","og_description":"Tonninger Schermaier & Partner bietet fundierte juristische Beratung in s\u00e4mtlichen Gebieten des Wirtschaftsrechts und Zivilrechts.","og_url":"https:\/\/ts.dev.mstefan.com\/de\/services-rechtsgebiete\/","og_site_name":"TS&amp;P","article_modified_time":"2024-02-08T08:28:35+00:00","og_image":[{"width":914,"height":108,"url":"https:\/\/ts.dev.mstefan.com\/wp-content\/uploads\/2013\/05\/headerblank.jpg","type":"image\/jpeg"}],"twitter_card":"summary_large_image","twitter_misc":{"Gesch\u00e4tzte Lesezeit":"1\u00a0Minute"},"schema":{"@context":"https:\/\/schema.org","@graph":[{"@type":"WebPage","@id":"https:\/\/ts.dev.mstefan.com\/de\/services-rechtsgebiete\/","url":"https:\/\/ts.dev.mstefan.com\/de\/services-rechtsgebiete\/","name":"Services &#8211; TS&amp;P","isPartOf":{"@id":"https:\/\/ts.dev.mstefan.com\/en\/#website"},"primaryImageOfPage":{"@id":"https:\/\/ts.dev.mstefan.com\/de\/services-rechtsgebiete\/#primaryimage"},"image":{"@id":"https:\/\/ts.dev.mstefan.com\/de\/services-rechtsgebiete\/#primaryimage"},"thumbnailUrl":"https:\/\/ts.dev.mstefan.com\/wp-content\/uploads\/2013\/05\/headerblank.jpg","datePublished":"2013-05-23T13:58:58+00:00","dateModified":"2024-02-08T08:28:35+00:00","description":"Tonninger Schermaier & Partner bietet fundierte juristische Beratung in s\u00e4mtlichen Gebieten des Wirtschaftsrechts und Zivilrechts.","breadcrumb":{"@id":"https:\/\/ts.dev.mstefan.com\/de\/services-rechtsgebiete\/#breadcrumb"},"inLanguage":"de","potentialAction":[{"@type":"ReadAction","target":["https:\/\/ts.dev.mstefan.com\/de\/services-rechtsgebiete\/"]}]},{"@type":"ImageObject","inLanguage":"de","@id":"https:\/\/ts.dev.mstefan.com\/de\/services-rechtsgebiete\/#primaryimage","url":"https:\/\/ts.dev.mstefan.com\/wp-content\/uploads\/2013\/05\/headerblank.jpg","contentUrl":"https:\/\/ts.dev.mstefan.com\/wp-content\/uploads\/2013\/05\/headerblank.jpg","width":914,"height":108},{"@type":"BreadcrumbList","@id":"https:\/\/ts.dev.mstefan.com\/de\/services-rechtsgebiete\/#breadcrumb","itemListElement":[{"@type":"ListItem","position":1,"name":"Home","item":"https:\/\/ts.dev.mstefan.com\/en\/"},{"@type":"ListItem","position":2,"name":"Services"}]},{"@type":"WebSite","@id":"https:\/\/ts.dev.mstefan.com\/en\/#website","url":"https:\/\/ts.dev.mstefan.com\/en\/","name":"Tonninger Schermaier & Partner","description":"Rechtsanw\u00e4lte","alternateName":"TS & P","potentialAction":[{"@type":"SearchAction","target":{"@type":"EntryPoint","urlTemplate":"https:\/\/ts.dev.mstefan.com\/en\/?s={search_term_string}"},"query-input":"required name=search_term_string"}],"inLanguage":"de"}]}},"_links":{"self":[{"href":"https:\/\/ts.dev.mstefan.com\/de\/wp-json\/wp\/v2\/pages\/11"}],"collection":[{"href":"https:\/\/ts.dev.mstefan.com\/de\/wp-json\/wp\/v2\/pages"}],"about":[{"href":"https:\/\/ts.dev.mstefan.com\/de\/wp-json\/wp\/v2\/types\/page"}],"author":[{"embeddable":true,"href":"https:\/\/ts.dev.mstefan.com\/de\/wp-json\/wp\/v2\/users\/7"}],"replies":[{"embeddable":true,"href":"https:\/\/ts.dev.mstefan.com\/de\/wp-json\/wp\/v2\/comments?post=11"}],"version-history":[{"count":36,"href":"https:\/\/ts.dev.mstefan.com\/de\/wp-json\/wp\/v2\/pages\/11\/revisions"}],"predecessor-version":[{"id":12204,"href":"https:\/\/ts.dev.mstefan.com\/de\/wp-json\/wp\/v2\/pages\/11\/revisions\/12204"}],"wp:featuredmedia":[{"embeddable":true,"href":"https:\/\/ts.dev.mstefan.com\/de\/wp-json\/wp\/v2\/media\/296"}],"wp:attachment":[{"href":"https:\/\/ts.dev.mstefan.com\/de\/wp-json\/wp\/v2\/media?parent=11"}],"curies":[{"name":"wp","href":"https:\/\/api.w.org\/{rel}","templated":true}]}}