{"id":11009,"date":"2019-01-16T10:21:13","date_gmt":"2019-01-16T09:21:13","guid":{"rendered":"https:\/\/ts.at\/de\/?page_id=11009"},"modified":"2022-09-21T19:46:07","modified_gmt":"2022-09-21T17:46:07","slug":"datenschutzerklaerung","status":"publish","type":"page","link":"https:\/\/ts.dev.mstefan.com\/de\/datenschutzerklaerung\/","title":{"rendered":"Datenschutzerkl\u00e4rung"},"content":{"rendered":"<p><\/p>\n<p>Uns ist der Schutz Ihrer personenbezogenen Daten ein gro\u00dfes Anliegen.<\/p>\n<p>N\u00e4here Informationen dazu, wie wir Ihre personenbezogenen Daten verarbeiten, finden Sie in unserer <a href=\"https:\/\/ts.dev.mstefan.com\/wp-content\/uploads\/2022\/09\/Datenschutzerklaerung_TSP_210922.pdf\" target=\"_blank\" rel=\"noopener\">Datenschutzerkl\u00e4rung<\/a>.<\/p>\n<p>[wt_cli_manage_consent]<\/p>","protected":false},"excerpt":{"rendered":"<p>Uns ist der Schutz Ihrer personenbezogenen Daten ein gro\u00dfes Anliegen. N\u00e4here Informationen dazu, wie wir Ihre personenbezogenen Daten verarbeiten, finden Sie in unserer Datenschutzerkl\u00e4rung. [wt_cli_manage_consent]<\/p>\n","protected":false},"author":7,"featured_media":0,"parent":0,"menu_order":0,"comment_status":"closed","ping_status":"closed","template":"","meta":{"_acf_changed":false,"footnotes":""},"acf":[],"yoast_head":"<!-- This site is optimized with the Yoast SEO plugin v22.5 - https:\/\/yoast.com\/wordpress\/plugins\/seo\/ -->\n<title>Datenschutzerkl\u00e4rung &#8211; TS&amp;P<\/title>\n<meta name=\"robots\" content=\"index, follow, max-snippet:-1, max-image-preview:large, max-video-preview:-1\" \/>\n<link rel=\"canonical\" href=\"https:\/\/ts.dev.mstefan.com\/de\/datenschutzerklaerung\/\" \/>\n<meta property=\"og:locale\" content=\"de_DE\" \/>\n<meta property=\"og:type\" content=\"article\" \/>\n<meta property=\"og:title\" content=\"Datenschutzerkl\u00e4rung &#8211; TS&amp;P\" \/>\n<meta property=\"og:description\" content=\"Uns ist der Schutz Ihrer personenbezogenen Daten ein gro\u00dfes Anliegen. N\u00e4here Informationen dazu, wie wir Ihre personenbezogenen Daten verarbeiten, finden Sie in unserer Datenschutzerkl\u00e4rung. [wt_cli_manage_consent]\" \/>\n<meta property=\"og:url\" content=\"https:\/\/ts.dev.mstefan.com\/de\/datenschutzerklaerung\/\" \/>\n<meta property=\"og:site_name\" content=\"TS&amp;P\" \/>\n<meta property=\"article:modified_time\" content=\"2022-09-21T17:46:07+00:00\" \/>\n<meta name=\"twitter:card\" content=\"summary_large_image\" \/>\n<meta name=\"twitter:label1\" content=\"Gesch\u00e4tzte Lesezeit\" \/>\n\t<meta name=\"twitter:data1\" content=\"1\u00a0Minute\" \/>\n<script type=\"application\/ld+json\" class=\"yoast-schema-graph\">{\"@context\":\"https:\/\/schema.org\",\"@graph\":[{\"@type\":\"WebPage\",\"@id\":\"https:\/\/ts.dev.mstefan.com\/de\/datenschutzerklaerung\/\",\"url\":\"https:\/\/ts.dev.mstefan.com\/de\/datenschutzerklaerung\/\",\"name\":\"[:de]Datenschutzerkl\u00e4rung[:en]Privacy Policy[:] &#8211; TS&amp;P\",\"isPartOf\":{\"@id\":\"https:\/\/ts.dev.mstefan.com\/en\/#website\"},\"datePublished\":\"2019-01-16T09:21:13+00:00\",\"dateModified\":\"2022-09-21T17:46:07+00:00\",\"breadcrumb\":{\"@id\":\"https:\/\/ts.dev.mstefan.com\/de\/datenschutzerklaerung\/#breadcrumb\"},\"inLanguage\":\"de\",\"potentialAction\":[{\"@type\":\"ReadAction\",\"target\":[\"https:\/\/ts.dev.mstefan.com\/de\/datenschutzerklaerung\/\"]}]},{\"@type\":\"BreadcrumbList\",\"@id\":\"https:\/\/ts.dev.mstefan.com\/de\/datenschutzerklaerung\/#breadcrumb\",\"itemListElement\":[{\"@type\":\"ListItem\",\"position\":1,\"name\":\"Home\",\"item\":\"https:\/\/ts.dev.mstefan.com\/en\/\"},{\"@type\":\"ListItem\",\"position\":2,\"name\":\"Datenschutzerkl\u00e4rung\"}]},{\"@type\":\"WebSite\",\"@id\":\"https:\/\/ts.dev.mstefan.com\/en\/#website\",\"url\":\"https:\/\/ts.dev.mstefan.com\/en\/\",\"name\":\"Tonninger Schermaier & Partner\",\"description\":\"Rechtsanw\u00e4lte\",\"alternateName\":\"TS & P\",\"potentialAction\":[{\"@type\":\"SearchAction\",\"target\":{\"@type\":\"EntryPoint\",\"urlTemplate\":\"https:\/\/ts.dev.mstefan.com\/en\/?s={search_term_string}\"},\"query-input\":\"required name=search_term_string\"}],\"inLanguage\":\"de\"}]}<\/script>\n<!-- \/ Yoast SEO plugin. -->","yoast_head_json":{"title":"Datenschutzerkl\u00e4rung &#8211; TS&amp;P","robots":{"index":"index","follow":"follow","max-snippet":"max-snippet:-1","max-image-preview":"max-image-preview:large","max-video-preview":"max-video-preview:-1"},"canonical":"https:\/\/ts.dev.mstefan.com\/de\/datenschutzerklaerung\/","og_locale":"de_DE","og_type":"article","og_title":"Datenschutzerkl\u00e4rung &#8211; TS&amp;P","og_description":"Uns ist der Schutz Ihrer personenbezogenen Daten ein gro\u00dfes Anliegen. N\u00e4here Informationen dazu, wie wir Ihre personenbezogenen Daten verarbeiten, finden Sie in unserer Datenschutzerkl\u00e4rung. [wt_cli_manage_consent]","og_url":"https:\/\/ts.dev.mstefan.com\/de\/datenschutzerklaerung\/","og_site_name":"TS&amp;P","article_modified_time":"2022-09-21T17:46:07+00:00","twitter_card":"summary_large_image","twitter_misc":{"Gesch\u00e4tzte Lesezeit":"1\u00a0Minute"},"schema":{"@context":"https:\/\/schema.org","@graph":[{"@type":"WebPage","@id":"https:\/\/ts.dev.mstefan.com\/de\/datenschutzerklaerung\/","url":"https:\/\/ts.dev.mstefan.com\/de\/datenschutzerklaerung\/","name":"[:de]Datenschutzerkl\u00e4rung[:en]Privacy Policy[:] &#8211; TS&amp;P","isPartOf":{"@id":"https:\/\/ts.dev.mstefan.com\/en\/#website"},"datePublished":"2019-01-16T09:21:13+00:00","dateModified":"2022-09-21T17:46:07+00:00","breadcrumb":{"@id":"https:\/\/ts.dev.mstefan.com\/de\/datenschutzerklaerung\/#breadcrumb"},"inLanguage":"de","potentialAction":[{"@type":"ReadAction","target":["https:\/\/ts.dev.mstefan.com\/de\/datenschutzerklaerung\/"]}]},{"@type":"BreadcrumbList","@id":"https:\/\/ts.dev.mstefan.com\/de\/datenschutzerklaerung\/#breadcrumb","itemListElement":[{"@type":"ListItem","position":1,"name":"Home","item":"https:\/\/ts.dev.mstefan.com\/en\/"},{"@type":"ListItem","position":2,"name":"Datenschutzerkl\u00e4rung"}]},{"@type":"WebSite","@id":"https:\/\/ts.dev.mstefan.com\/en\/#website","url":"https:\/\/ts.dev.mstefan.com\/en\/","name":"Tonninger Schermaier & Partner","description":"Rechtsanw\u00e4lte","alternateName":"TS & P","potentialAction":[{"@type":"SearchAction","target":{"@type":"EntryPoint","urlTemplate":"https:\/\/ts.dev.mstefan.com\/en\/?s={search_term_string}"},"query-input":"required name=search_term_string"}],"inLanguage":"de"}]}},"_links":{"self":[{"href":"https:\/\/ts.dev.mstefan.com\/de\/wp-json\/wp\/v2\/pages\/11009"}],"collection":[{"href":"https:\/\/ts.dev.mstefan.com\/de\/wp-json\/wp\/v2\/pages"}],"about":[{"href":"https:\/\/ts.dev.mstefan.com\/de\/wp-json\/wp\/v2\/types\/page"}],"author":[{"embeddable":true,"href":"https:\/\/ts.dev.mstefan.com\/de\/wp-json\/wp\/v2\/users\/7"}],"replies":[{"embeddable":true,"href":"https:\/\/ts.dev.mstefan.com\/de\/wp-json\/wp\/v2\/comments?post=11009"}],"version-history":[{"count":15,"href":"https:\/\/ts.dev.mstefan.com\/de\/wp-json\/wp\/v2\/pages\/11009\/revisions"}],"predecessor-version":[{"id":11699,"href":"https:\/\/ts.dev.mstefan.com\/de\/wp-json\/wp\/v2\/pages\/11009\/revisions\/11699"}],"wp:attachment":[{"href":"https:\/\/ts.dev.mstefan.com\/de\/wp-json\/wp\/v2\/media?parent=11009"}],"curies":[{"name":"wp","href":"https:\/\/api.w.org\/{rel}","templated":true}]}}