{"id":11171,"date":"2019-12-10T09:24:42","date_gmt":"2019-12-10T08:24:42","guid":{"rendered":"https:\/\/ts.at\/de\/?page_id=11171"},"modified":"2023-11-29T10:00:52","modified_gmt":"2023-11-29T09:00:52","slug":"familienrecht","status":"publish","type":"page","link":"https:\/\/ts.dev.mstefan.com\/de\/familienrecht\/","title":{"rendered":"Familienrecht"},"content":{"rendered":"<p><script type=\"text\/javascript\" src=\"https:\/\/advocheck24.com\/widget\/richsnippet-localbusiness\/102.js\" ><\/script><\/p>\n<p>Das Familienrecht betrifft jeden von uns. Bemerkbar macht sich dies meist erst im Streitfall. Einer L\u00f6sung der rechtlichen Fragen stehen oft pers\u00f6nliche Verletzungen im Weg. Professionelle Beratung und Begleitung ist hier unumg\u00e4nglich, um falsche Entscheidungen zu vermeiden.<\/p>\n<h2>Ihr Ansprechpartner:<\/h2>\n<p><a href=\"https:\/\/ts.dev.mstefan.com\/de\/person\/mag-clemens-schmied\/\">RA Mag. Clemens Schmied<\/a>  <a href=\"https:\/\/ts.dev.mstefan.com\/terminbuchung\" class=\"link-termin\">[zur Online-Terminbuchung]<\/a><\/p>\n<h2>Unsere Leistungen:<\/h2>\n<p>Wir beraten und vertreten Sie umfassend zu allen Fragen des Familienrechts und bieten diesbez\u00fcglich insbesondere folgende Services an:<\/p>\n<ul>\n<li>Vertretung in Scheidungsverfahren<\/li>\n<li>Vertretung in Unterhaltsverfahren<\/li>\n<li>Vertretung in Verfahren zur Obsorge und des Kontaktrechts\/Besuchsrecht<\/li>\n<li>Vertretung in Verfahren zur Aufteilung des ehelichen Verm\u00f6gens<\/li>\n<li>Erstellung von Scheidungsvergleichen zu einvernehmlichen Scheidungen<\/li>\n<li>Beratung zu Unterhaltsanspr\u00fcchen und Ermittlung deren H\u00f6he<\/li>\n<li>Beratung in Fragen zur Obsorge und des Kontaktrechts\/Besuchsrechts<\/li>\n<li>Beratung zu Ehevertr\u00e4gen und Partnerschaftsvertr\u00e4gen<\/li>\n<\/ul>\n<p><script id=\"advocheck-rating-script\" type=\"text\/javascript\" src=\"https:\/\/advocheck24.com\/widget\/richsnippet-localbusiness-rating\/102.js\" ><\/script><\/p>","protected":false},"excerpt":{"rendered":"<p>Das Familienrecht betrifft jeden von uns. Bemerkbar macht sich dies meist erst im Streitfall. Einer L\u00f6sung der rechtlichen Fragen stehen oft pers\u00f6nliche Verletzungen im Weg. Professionelle Beratung und Begleitung ist hier unumg\u00e4nglich, um falsche Entscheidungen zu vermeiden. Ihr Ansprechpartner: RA Mag. Clemens Schmied Unsere Leistungen: Wir beraten und vertreten Sie umfassend zu allen Fragen des<\/p>\n","protected":false},"author":9,"featured_media":0,"parent":0,"menu_order":0,"comment_status":"closed","ping_status":"closed","template":"","meta":{"_acf_changed":false,"footnotes":""},"acf":[],"yoast_head":"<!-- This site is optimized with the Yoast SEO plugin v22.5 - https:\/\/yoast.com\/wordpress\/plugins\/seo\/ -->\n<title>Familienrecht &#8211; TS&amp;P<\/title>\n<meta name=\"robots\" content=\"index, follow, max-snippet:-1, max-image-preview:large, max-video-preview:-1\" \/>\n<link rel=\"canonical\" href=\"https:\/\/ts.dev.mstefan.com\/de\/familienrecht\/\" \/>\n<meta property=\"og:locale\" content=\"de_DE\" \/>\n<meta property=\"og:type\" content=\"article\" \/>\n<meta property=\"og:title\" content=\"Familienrecht &#8211; TS&amp;P\" \/>\n<meta property=\"og:description\" content=\"Das Familienrecht betrifft jeden von uns. Bemerkbar macht sich dies meist erst im Streitfall. Einer L\u00f6sung der rechtlichen Fragen stehen oft pers\u00f6nliche Verletzungen im Weg. Professionelle Beratung und Begleitung ist hier unumg\u00e4nglich, um falsche Entscheidungen zu vermeiden. Ihr Ansprechpartner: RA Mag. Clemens Schmied Unsere Leistungen: Wir beraten und vertreten Sie umfassend zu allen Fragen des\" \/>\n<meta property=\"og:url\" content=\"https:\/\/ts.dev.mstefan.com\/de\/familienrecht\/\" \/>\n<meta property=\"og:site_name\" content=\"TS&amp;P\" \/>\n<meta property=\"article:modified_time\" content=\"2023-11-29T09:00:52+00:00\" \/>\n<meta name=\"twitter:card\" content=\"summary_large_image\" \/>\n<meta name=\"twitter:label1\" content=\"Gesch\u00e4tzte Lesezeit\" \/>\n\t<meta name=\"twitter:data1\" content=\"2\u00a0Minuten\" \/>\n<script type=\"application\/ld+json\" class=\"yoast-schema-graph\">{\"@context\":\"https:\/\/schema.org\",\"@graph\":[{\"@type\":\"WebPage\",\"@id\":\"https:\/\/ts.dev.mstefan.com\/de\/familienrecht\/\",\"url\":\"https:\/\/ts.dev.mstefan.com\/de\/familienrecht\/\",\"name\":\"[:de]Familienrecht[:en]Family law[:] &#8211; TS&amp;P\",\"isPartOf\":{\"@id\":\"https:\/\/ts.dev.mstefan.com\/en\/#website\"},\"datePublished\":\"2019-12-10T08:24:42+00:00\",\"dateModified\":\"2023-11-29T09:00:52+00:00\",\"breadcrumb\":{\"@id\":\"https:\/\/ts.dev.mstefan.com\/de\/familienrecht\/#breadcrumb\"},\"inLanguage\":\"de\",\"potentialAction\":[{\"@type\":\"ReadAction\",\"target\":[\"https:\/\/ts.dev.mstefan.com\/de\/familienrecht\/\"]}]},{\"@type\":\"BreadcrumbList\",\"@id\":\"https:\/\/ts.dev.mstefan.com\/de\/familienrecht\/#breadcrumb\",\"itemListElement\":[{\"@type\":\"ListItem\",\"position\":1,\"name\":\"Home\",\"item\":\"https:\/\/ts.dev.mstefan.com\/en\/\"},{\"@type\":\"ListItem\",\"position\":2,\"name\":\"Familienrecht\"}]},{\"@type\":\"WebSite\",\"@id\":\"https:\/\/ts.dev.mstefan.com\/en\/#website\",\"url\":\"https:\/\/ts.dev.mstefan.com\/en\/\",\"name\":\"Tonninger Schermaier & Partner\",\"description\":\"Rechtsanw\u00e4lte\",\"alternateName\":\"TS & P\",\"potentialAction\":[{\"@type\":\"SearchAction\",\"target\":{\"@type\":\"EntryPoint\",\"urlTemplate\":\"https:\/\/ts.dev.mstefan.com\/en\/?s={search_term_string}\"},\"query-input\":\"required name=search_term_string\"}],\"inLanguage\":\"de\"}]}<\/script>\n<!-- \/ Yoast SEO plugin. -->","yoast_head_json":{"title":"Familienrecht &#8211; TS&amp;P","robots":{"index":"index","follow":"follow","max-snippet":"max-snippet:-1","max-image-preview":"max-image-preview:large","max-video-preview":"max-video-preview:-1"},"canonical":"https:\/\/ts.dev.mstefan.com\/de\/familienrecht\/","og_locale":"de_DE","og_type":"article","og_title":"Familienrecht &#8211; TS&amp;P","og_description":"Das Familienrecht betrifft jeden von uns. Bemerkbar macht sich dies meist erst im Streitfall. Einer L\u00f6sung der rechtlichen Fragen stehen oft pers\u00f6nliche Verletzungen im Weg. Professionelle Beratung und Begleitung ist hier unumg\u00e4nglich, um falsche Entscheidungen zu vermeiden. Ihr Ansprechpartner: RA Mag. Clemens Schmied Unsere Leistungen: Wir beraten und vertreten Sie umfassend zu allen Fragen des","og_url":"https:\/\/ts.dev.mstefan.com\/de\/familienrecht\/","og_site_name":"TS&amp;P","article_modified_time":"2023-11-29T09:00:52+00:00","twitter_card":"summary_large_image","twitter_misc":{"Gesch\u00e4tzte Lesezeit":"2\u00a0Minuten"},"schema":{"@context":"https:\/\/schema.org","@graph":[{"@type":"WebPage","@id":"https:\/\/ts.dev.mstefan.com\/de\/familienrecht\/","url":"https:\/\/ts.dev.mstefan.com\/de\/familienrecht\/","name":"[:de]Familienrecht[:en]Family law[:] &#8211; TS&amp;P","isPartOf":{"@id":"https:\/\/ts.dev.mstefan.com\/en\/#website"},"datePublished":"2019-12-10T08:24:42+00:00","dateModified":"2023-11-29T09:00:52+00:00","breadcrumb":{"@id":"https:\/\/ts.dev.mstefan.com\/de\/familienrecht\/#breadcrumb"},"inLanguage":"de","potentialAction":[{"@type":"ReadAction","target":["https:\/\/ts.dev.mstefan.com\/de\/familienrecht\/"]}]},{"@type":"BreadcrumbList","@id":"https:\/\/ts.dev.mstefan.com\/de\/familienrecht\/#breadcrumb","itemListElement":[{"@type":"ListItem","position":1,"name":"Home","item":"https:\/\/ts.dev.mstefan.com\/en\/"},{"@type":"ListItem","position":2,"name":"Familienrecht"}]},{"@type":"WebSite","@id":"https:\/\/ts.dev.mstefan.com\/en\/#website","url":"https:\/\/ts.dev.mstefan.com\/en\/","name":"Tonninger Schermaier & Partner","description":"Rechtsanw\u00e4lte","alternateName":"TS & P","potentialAction":[{"@type":"SearchAction","target":{"@type":"EntryPoint","urlTemplate":"https:\/\/ts.dev.mstefan.com\/en\/?s={search_term_string}"},"query-input":"required name=search_term_string"}],"inLanguage":"de"}]}},"_links":{"self":[{"href":"https:\/\/ts.dev.mstefan.com\/de\/wp-json\/wp\/v2\/pages\/11171"}],"collection":[{"href":"https:\/\/ts.dev.mstefan.com\/de\/wp-json\/wp\/v2\/pages"}],"about":[{"href":"https:\/\/ts.dev.mstefan.com\/de\/wp-json\/wp\/v2\/types\/page"}],"author":[{"embeddable":true,"href":"https:\/\/ts.dev.mstefan.com\/de\/wp-json\/wp\/v2\/users\/9"}],"replies":[{"embeddable":true,"href":"https:\/\/ts.dev.mstefan.com\/de\/wp-json\/wp\/v2\/comments?post=11171"}],"version-history":[{"count":7,"href":"https:\/\/ts.dev.mstefan.com\/de\/wp-json\/wp\/v2\/pages\/11171\/revisions"}],"predecessor-version":[{"id":12071,"href":"https:\/\/ts.dev.mstefan.com\/de\/wp-json\/wp\/v2\/pages\/11171\/revisions\/12071"}],"wp:attachment":[{"href":"https:\/\/ts.dev.mstefan.com\/de\/wp-json\/wp\/v2\/media?parent=11171"}],"curies":[{"name":"wp","href":"https:\/\/api.w.org\/{rel}","templated":true}]}}