{"id":497,"date":"2014-08-02T21:02:55","date_gmt":"2014-08-02T19:02:55","guid":{"rendered":"https:\/\/ts.at\/en\/?page_id=497"},"modified":"2023-11-23T08:23:05","modified_gmt":"2023-11-23T07:23:05","slug":"design-law","status":"publish","type":"page","link":"https:\/\/ts.dev.mstefan.com\/de\/design-law\/","title":{"rendered":"Designrecht"},"content":{"rendered":"<p><\/p>\n<h2 style=\"text-align: justify;\">Was ist ein Design?<\/h2>\n<p style=\"text-align: justify;\">Ein Design ist die Erscheinungsform eines Erzeugnisses oder eines Teils davon, die sich insbesondere aus den Merkmalen der Linien, Konturen, Farben, Gestalt, Oberfl\u00e4chenstruktur und\/oder der Werkstoffe des Erzeugnisses selbst und\/oder seiner Verzierung ergibt. Durch den Designschutz kann somit das Aussehen des Produktes, jedoch nicht die hinter dem Produkt stehende Idee\/Erfindung gesch\u00fctzt werden.<\/p>\n<h2>Ihre Ansprechpartner:<\/h2>\n<p><a href=\"https:\/\/ts.dev.mstefan.com\/de\/person\/tonninger\/\">RA Dr. Bernhard Tonninger<\/a><\/p>\n<p><a href=\"http:\/\/www.ts.at\/de\/person\/albrecht\">RA Mag. Dr. Markus Albrecht<\/a>  <a href=\"https:\/\/ts.dev.mstefan.com\/terminbuchung\" class=\"link-termin\">[zur Online-Terminbuchung]<\/a><\/p>\n<h2>Unter welchen Voraussetzungen ist ein Design schutzf\u00e4hig?<\/h2>\n<p style=\"text-align: justify;\">Ist Ihr Design neu und eigenartig, ist also vor der Anmeldung der \u00d6ffentlichkeit kein identisches Design zug\u00e4nglich gemacht worden und ruft Ihr Design einen anderen Gesamteindruck hervor als jene Designs, die bereits vor dem Tag der Anmeldung der \u00d6ffentlichkeit zug\u00e4nglich gemacht wurden, haben Sie als Sch\u00f6pfer dieses Designs in der Regel Anspruch auf Schutz Ihres Designs als &#8222;Muster&#8220; im Sinne des Musterschutzgesetzes.<\/p>\n<p style=\"text-align: justify;\">Z\u00f6gern Sie nicht, Ihr neu entworfenes Design sch\u00fctzen zu lassen, denn erst mit dem Tag der Registrierung Ihres Designs erwerben Sie das ausschlie\u00dfliche Recht, das gesch\u00fctzte Design zu benutzen und damit Dritten die Ben\u00fctzung Ihres Designs zu verbieten.<\/p>\n<h2>Was ist bei einer Designanmeldung zu beachten?<\/h2>\n<p style=\"text-align: justify;\">Sie k\u00f6nnen Ihr Design als nationales Muster beim \u00f6sterreichischen Patentamt, als &#8222;Gemeinschaftsgeschmackmuster&#8220; beim Amt der Europ\u00e4ischen Union f\u00fcr geistiges Eigentum (EUIPO) und\/oder bei der Weltorganisation f\u00fcr Geistiges Eigentum (WIPO) als internationales Muster in 62 Staaten registrieren lassen. In der Praxis erfolgt die Anmeldung in aller Regel als Gemeinschaftsgeschmacksmuster, womit Ihr Design in der gesamten Europ\u00e4ischen Union gesch\u00fctzt ist.<\/p>\n<p style=\"text-align: justify;\">Im Rahmen der Designanmeldung ist auch ein Verzeichnis jener Waren \u2013 geordnet nach Klassen \u2013 anzuf\u00fchren, f\u00fcr die Ihr Design bestimmt ist. Dabei ist die \u00fcberlegte Auswahl der konkreten Warenklassen enorm wichtig, weil diese letztlich f\u00fcr den Schutzumfang Ihres Designs entscheidend ist.<\/p>\n<p style=\"text-align: justify;\">F\u00fcr die Registrierung Ihres Designs fallen bei den zust\u00e4ndigen Beh\u00f6rden Geb\u00fchren an, deren H\u00f6he vom territorialen Schutzumfang Ihres Designs sowie der Anzahl der Waren, f\u00fcr die Ihr Design eingetragen ist, abh\u00e4ngt und \u00fcber die wir Sie gerne im Detail informieren.<\/p>\n<h2 style=\"text-align: justify;\">Unsere Leistungen:<\/h2>\n<p style=\"text-align: justify;\">Wir vertreten und beraten Sie umfassend in s\u00e4mtlichen Rechtsangelegenheiten des Designrechts. Unser Leistungsangebot beinhaltet dabei insbesondere<\/p>\n<ul>\n<li style=\"text-align: justify;\">Vertretung und Beratung im Verfahren zur Registrierung Ihres Designs als nationales\/internationales Muster bzw. als Gemeinschaftsgeschmacksmuster<\/li>\n<li style=\"text-align: justify;\">Vertretung und Beratung im zivilrechtlichen Vorgehen gegen unrechtm\u00e4\u00dfige Verwendung Ihres gesch\u00fctzten Designs<\/li>\n<li style=\"text-align: justify;\">Prozessbegleitung bei der schnellen Erlangung von Rechtsschutz mittels Einstweiliger Verf\u00fcgung<\/li>\n<li style=\"text-align: justify;\">Klagsweises Vorgehen gegen Eingriffshandlungen von Gegnern in Ihr Schutzrecht<\/li>\n<li style=\"text-align: justify;\">Unterst\u00fctzung und Vertretung im Zusammenhang mit der Verwertung und Lizenzierung Ihres Designs<\/li>\n<\/ul>\n<p>&nbsp;<\/p>\n<p>&nbsp;<\/p>\n<p><\/p>","protected":false},"excerpt":{"rendered":"<p>Was ist ein Design? Ein Design ist die Erscheinungsform eines Erzeugnisses oder eines Teils davon, die sich insbesondere aus den Merkmalen der Linien, Konturen, Farben, Gestalt, Oberfl\u00e4chenstruktur und\/oder der Werkstoffe des Erzeugnisses selbst und\/oder seiner Verzierung ergibt. Durch den Designschutz kann somit das Aussehen des Produktes, jedoch nicht die hinter dem Produkt stehende Idee\/Erfindung gesch\u00fctzt<\/p>\n","protected":false},"author":3,"featured_media":375,"parent":0,"menu_order":0,"comment_status":"closed","ping_status":"closed","template":"","meta":{"_acf_changed":false,"footnotes":""},"acf":[],"yoast_head":"<!-- This site is optimized with the Yoast SEO plugin v22.5 - https:\/\/yoast.com\/wordpress\/plugins\/seo\/ -->\n<title>Designrecht &#8211; TS&amp;P<\/title>\n<meta name=\"description\" content=\"Was ist ein Design und ist ein Design schutzf\u00e4hig? Was ist bei einer Designanmeldung zu beachten? Wir beraten und vertreten Sie professionell.\" \/>\n<meta name=\"robots\" content=\"index, follow, max-snippet:-1, max-image-preview:large, max-video-preview:-1\" \/>\n<link rel=\"canonical\" href=\"https:\/\/ts.dev.mstefan.com\/de\/design-law\/\" \/>\n<meta property=\"og:locale\" content=\"de_DE\" \/>\n<meta property=\"og:type\" content=\"article\" \/>\n<meta property=\"og:title\" content=\"Designrecht &#8211; TS&amp;P\" \/>\n<meta property=\"og:description\" content=\"Was ist ein Design und ist ein Design schutzf\u00e4hig? Was ist bei einer Designanmeldung zu beachten? Wir beraten und vertreten Sie professionell.\" \/>\n<meta property=\"og:url\" content=\"https:\/\/ts.dev.mstefan.com\/de\/design-law\/\" \/>\n<meta property=\"og:site_name\" content=\"TS&amp;P\" \/>\n<meta property=\"article:modified_time\" content=\"2023-11-23T07:23:05+00:00\" \/>\n<meta property=\"og:image\" content=\"https:\/\/ts.dev.mstefan.com\/wp-content\/uploads\/2013\/05\/Network.jpg\" \/>\n\t<meta property=\"og:image:width\" content=\"1828\" \/>\n\t<meta property=\"og:image:height\" content=\"216\" \/>\n\t<meta property=\"og:image:type\" content=\"image\/jpeg\" \/>\n<meta name=\"twitter:card\" content=\"summary_large_image\" \/>\n<meta name=\"twitter:label1\" content=\"Gesch\u00e4tzte Lesezeit\" \/>\n\t<meta name=\"twitter:data1\" content=\"5\u00a0Minuten\" \/>\n<script type=\"application\/ld+json\" class=\"yoast-schema-graph\">{\"@context\":\"https:\/\/schema.org\",\"@graph\":[{\"@type\":\"WebPage\",\"@id\":\"https:\/\/ts.dev.mstefan.com\/de\/design-law\/\",\"url\":\"https:\/\/ts.dev.mstefan.com\/de\/design-law\/\",\"name\":\"[:de]Designrecht[:en]Design Law (Austria)[:] &#8211; TS&amp;P\",\"isPartOf\":{\"@id\":\"https:\/\/ts.dev.mstefan.com\/en\/#website\"},\"primaryImageOfPage\":{\"@id\":\"https:\/\/ts.dev.mstefan.com\/de\/design-law\/#primaryimage\"},\"image\":{\"@id\":\"https:\/\/ts.dev.mstefan.com\/de\/design-law\/#primaryimage\"},\"thumbnailUrl\":\"https:\/\/ts.dev.mstefan.com\/wp-content\/uploads\/2013\/05\/Network.jpg\",\"datePublished\":\"2014-08-02T19:02:55+00:00\",\"dateModified\":\"2023-11-23T07:23:05+00:00\",\"description\":\"Was ist ein Design und ist ein Design schutzf\u00e4hig? Was ist bei einer Designanmeldung zu beachten? Wir beraten und vertreten Sie professionell.\",\"breadcrumb\":{\"@id\":\"https:\/\/ts.dev.mstefan.com\/de\/design-law\/#breadcrumb\"},\"inLanguage\":\"de\",\"potentialAction\":[{\"@type\":\"ReadAction\",\"target\":[\"https:\/\/ts.dev.mstefan.com\/de\/design-law\/\"]}]},{\"@type\":\"ImageObject\",\"inLanguage\":\"de\",\"@id\":\"https:\/\/ts.dev.mstefan.com\/de\/design-law\/#primaryimage\",\"url\":\"https:\/\/ts.dev.mstefan.com\/wp-content\/uploads\/2013\/05\/Network.jpg\",\"contentUrl\":\"https:\/\/ts.dev.mstefan.com\/wp-content\/uploads\/2013\/05\/Network.jpg\",\"width\":1828,\"height\":216},{\"@type\":\"BreadcrumbList\",\"@id\":\"https:\/\/ts.dev.mstefan.com\/de\/design-law\/#breadcrumb\",\"itemListElement\":[{\"@type\":\"ListItem\",\"position\":1,\"name\":\"Home\",\"item\":\"https:\/\/ts.dev.mstefan.com\/en\/\"},{\"@type\":\"ListItem\",\"position\":2,\"name\":\"Designrecht\"}]},{\"@type\":\"WebSite\",\"@id\":\"https:\/\/ts.dev.mstefan.com\/en\/#website\",\"url\":\"https:\/\/ts.dev.mstefan.com\/en\/\",\"name\":\"Tonninger Schermaier & Partner\",\"description\":\"Rechtsanw\u00e4lte\",\"alternateName\":\"TS & P\",\"potentialAction\":[{\"@type\":\"SearchAction\",\"target\":{\"@type\":\"EntryPoint\",\"urlTemplate\":\"https:\/\/ts.dev.mstefan.com\/en\/?s={search_term_string}\"},\"query-input\":\"required name=search_term_string\"}],\"inLanguage\":\"de\"}]}<\/script>\n<!-- \/ Yoast SEO plugin. -->","yoast_head_json":{"title":"Designrecht &#8211; TS&amp;P","description":"Was ist ein Design und ist ein Design schutzf\u00e4hig? Was ist bei einer Designanmeldung zu beachten? Wir beraten und vertreten Sie professionell.","robots":{"index":"index","follow":"follow","max-snippet":"max-snippet:-1","max-image-preview":"max-image-preview:large","max-video-preview":"max-video-preview:-1"},"canonical":"https:\/\/ts.dev.mstefan.com\/de\/design-law\/","og_locale":"de_DE","og_type":"article","og_title":"Designrecht &#8211; TS&amp;P","og_description":"Was ist ein Design und ist ein Design schutzf\u00e4hig? Was ist bei einer Designanmeldung zu beachten? Wir beraten und vertreten Sie professionell.","og_url":"https:\/\/ts.dev.mstefan.com\/de\/design-law\/","og_site_name":"TS&amp;P","article_modified_time":"2023-11-23T07:23:05+00:00","og_image":[{"width":1828,"height":216,"url":"https:\/\/ts.dev.mstefan.com\/wp-content\/uploads\/2013\/05\/Network.jpg","type":"image\/jpeg"}],"twitter_card":"summary_large_image","twitter_misc":{"Gesch\u00e4tzte Lesezeit":"5\u00a0Minuten"},"schema":{"@context":"https:\/\/schema.org","@graph":[{"@type":"WebPage","@id":"https:\/\/ts.dev.mstefan.com\/de\/design-law\/","url":"https:\/\/ts.dev.mstefan.com\/de\/design-law\/","name":"[:de]Designrecht[:en]Design Law (Austria)[:] &#8211; TS&amp;P","isPartOf":{"@id":"https:\/\/ts.dev.mstefan.com\/en\/#website"},"primaryImageOfPage":{"@id":"https:\/\/ts.dev.mstefan.com\/de\/design-law\/#primaryimage"},"image":{"@id":"https:\/\/ts.dev.mstefan.com\/de\/design-law\/#primaryimage"},"thumbnailUrl":"https:\/\/ts.dev.mstefan.com\/wp-content\/uploads\/2013\/05\/Network.jpg","datePublished":"2014-08-02T19:02:55+00:00","dateModified":"2023-11-23T07:23:05+00:00","description":"Was ist ein Design und ist ein Design schutzf\u00e4hig? Was ist bei einer Designanmeldung zu beachten? Wir beraten und vertreten Sie professionell.","breadcrumb":{"@id":"https:\/\/ts.dev.mstefan.com\/de\/design-law\/#breadcrumb"},"inLanguage":"de","potentialAction":[{"@type":"ReadAction","target":["https:\/\/ts.dev.mstefan.com\/de\/design-law\/"]}]},{"@type":"ImageObject","inLanguage":"de","@id":"https:\/\/ts.dev.mstefan.com\/de\/design-law\/#primaryimage","url":"https:\/\/ts.dev.mstefan.com\/wp-content\/uploads\/2013\/05\/Network.jpg","contentUrl":"https:\/\/ts.dev.mstefan.com\/wp-content\/uploads\/2013\/05\/Network.jpg","width":1828,"height":216},{"@type":"BreadcrumbList","@id":"https:\/\/ts.dev.mstefan.com\/de\/design-law\/#breadcrumb","itemListElement":[{"@type":"ListItem","position":1,"name":"Home","item":"https:\/\/ts.dev.mstefan.com\/en\/"},{"@type":"ListItem","position":2,"name":"Designrecht"}]},{"@type":"WebSite","@id":"https:\/\/ts.dev.mstefan.com\/en\/#website","url":"https:\/\/ts.dev.mstefan.com\/en\/","name":"Tonninger Schermaier & Partner","description":"Rechtsanw\u00e4lte","alternateName":"TS & P","potentialAction":[{"@type":"SearchAction","target":{"@type":"EntryPoint","urlTemplate":"https:\/\/ts.dev.mstefan.com\/en\/?s={search_term_string}"},"query-input":"required name=search_term_string"}],"inLanguage":"de"}]}},"_links":{"self":[{"href":"https:\/\/ts.dev.mstefan.com\/de\/wp-json\/wp\/v2\/pages\/497"}],"collection":[{"href":"https:\/\/ts.dev.mstefan.com\/de\/wp-json\/wp\/v2\/pages"}],"about":[{"href":"https:\/\/ts.dev.mstefan.com\/de\/wp-json\/wp\/v2\/types\/page"}],"author":[{"embeddable":true,"href":"https:\/\/ts.dev.mstefan.com\/de\/wp-json\/wp\/v2\/users\/3"}],"replies":[{"embeddable":true,"href":"https:\/\/ts.dev.mstefan.com\/de\/wp-json\/wp\/v2\/comments?post=497"}],"version-history":[{"count":10,"href":"https:\/\/ts.dev.mstefan.com\/de\/wp-json\/wp\/v2\/pages\/497\/revisions"}],"predecessor-version":[{"id":12037,"href":"https:\/\/ts.dev.mstefan.com\/de\/wp-json\/wp\/v2\/pages\/497\/revisions\/12037"}],"wp:featuredmedia":[{"embeddable":true,"href":"https:\/\/ts.dev.mstefan.com\/de\/wp-json\/wp\/v2\/media\/375"}],"wp:attachment":[{"href":"https:\/\/ts.dev.mstefan.com\/de\/wp-json\/wp\/v2\/media?parent=497"}],"curies":[{"name":"wp","href":"https:\/\/api.w.org\/{rel}","templated":true}]}}